{"id":155,"date":"2024-05-23T19:51:33","date_gmt":"2024-05-23T19:51:33","guid":{"rendered":"https:\/\/beyond-infinity.blog\/?page_id=155"},"modified":"2024-10-13T21:30:28","modified_gmt":"2024-10-13T21:30:28","slug":"que-soy","status":"publish","type":"page","link":"https:\/\/es.beyond-infinity.blog\/?page_id=155","title":{"rendered":"\u00bfQu\u00e9 soy?"},"content":{"rendered":"\n<p>Me llamo Greg Isabelli, vivo en Francia y me interesan especialmente las formas en que la tecnolog\u00eda digital puede unir a las personas y darles el poder de hacer cosas que ser\u00edan impensables sin la tecnolog\u00eda.<\/p>\n\n<p>Durante 14 a\u00f1os fund\u00e9 y dirig\u00ed el sitio web <a href=\"https:\/\/boardgamearena.com\/\" target=\"_blank\" rel=\"noreferrer noopener\">Board Game Arena<\/a>, que ahora es el l\u00edder mundial en juegos de mesa en l\u00ednea, con m\u00e1s de 10 millones de miembros.<\/p>\n\n<p>Desde el a\u00f1o pasado, trabajo a tiempo completo en un proyecto cuyo objetivo es que los ciudadanos de todo el mundo puedan opinar directamente sobre las decisiones pol\u00edticas que les afectan: <a href=\"https:\/\/baztille.org\/\" target=\"_blank\" rel=\"noreferrer noopener\">Baztille<\/a>.<\/p>\n\n<h3 class=\"wp-block-heading\"><strong>\u00bfPor qu\u00e9 este sitio?<\/strong><\/h3>\n\n<p>Transmitir lo que he aprendido creando y haciendo crecer un negocio.<\/p>\n\n<p>Explica los antecedentes del proyecto Baztille, las ideas que lo sustentan, c\u00f3mo funciona y c\u00f3mo evolucionar\u00e1.<\/p>\n\n<h3 class=\"wp-block-heading\"><strong>\u00bfQu\u00e9 es \u00abBaztille\u00bb?<\/strong><\/h3>\n\n<blockquote class=\"wp-block-quote is-layout-flow wp-block-quote-is-layout-flow\">\n<p><strong>\u00abDentro de unos a\u00f1os, la forma en que los ciudadanos participan en las decisiones que les afectan en nuestras democracias habr\u00e1 cambiado radicalmente\u00bb.<\/strong><\/p>\n<\/blockquote>\n\n<p>Fue esta convicci\u00f3n la que me llev\u00f3 a crear el proyecto <a href=\"https:\/\/baztille.org\/\" target=\"_blank\" rel=\"noreferrer noopener\">Baztille<\/a>, cuyo objetivo es ofrecer a los ciudadanos una forma completamente distinta de interactuar con sus representantes electos, utilizando una herramienta digital.<\/p>\n\n<p><strong>No tengo ninguna certeza de que este proyecto vaya a funcionar<\/strong>: puede que no sea la herramienta adecuada, puede que no sea el m\u00e9todo adecuado, puede que no sea el momento adecuado&#8230; Por otro lado, estoy convencido de que uno o varios proyectos de este tipo ser\u00e1n el futuro de nuestras democracias.<\/p>\n\n<p>As\u00ed que uno de los objetivos de este proyecto (y de este sitio) <strong>es dar que pensar<\/strong> e <strong>inspirar a otros dise\u00f1adores<\/strong>.<\/p>\n\n<p><\/p>\n\n<h3 class=\"wp-block-heading\"><strong>Importante<\/strong><\/h3>\n\n<p>Las opiniones expresadas en este sitio son las del autor y no comprometen al movimiento Baztille.<\/p>\n\n<h3 class=\"wp-block-heading\"><strong>\u00bfC\u00f3mo puedo seguir este blog?<\/strong><\/h3>\n\n<p>Notif\u00edcame cuando haya un nuevo art\u00edculo en l\u00ednea:<\/p>\n\n<p>Alternativamente, puedes ser notificado de nuevos art\u00edculos por:<\/p>\n\n<ul class=\"wp-block-list\">\n<li>S\u00edgueme <a href=\"https:\/\/www.facebook.com\/gisabelli\" target=\"_blank\" rel=\"noreferrer noopener\">en Facebook<\/a>.<\/li>\n\n\n\n<li>S\u00edgueme <a href=\"https:\/\/www.instagram.com\/sourisdudesert\/\" target=\"_blank\" rel=\"noreferrer noopener\">en Instagram<\/a>.<\/li>\n\n\n\n<li>S\u00edgueme <a href=\"https:\/\/www.linkedin.com\/in\/gisabelli\/\" target=\"_blank\" rel=\"noreferrer noopener\">en LinkedIn<\/a>.<\/li>\n<\/ul>\n","protected":false},"excerpt":{"rendered":"<p>Me llamo Greg Isabelli, vivo en Francia y me interesan especialmente las formas en que la tecnolog\u00eda digital puede unir a las personas y darles el poder de hacer cosas que ser\u00edan impensables sin la tecnolog\u00eda. Durante 14 a\u00f1os fund\u00e9 y dirig\u00ed el sitio web Board Game Arena, que ahora es el l\u00edder mundial en [&hellip;]<\/p>\n","protected":false},"author":1,"featured_media":0,"parent":0,"menu_order":0,"comment_status":"closed","ping_status":"open","template":"","meta":{"footnotes":""},"class_list":["post-155","page","type-page","status-publish","hentry"],"featured_image_src":null,"featured_image_src_square":null,"_links":{"self":[{"href":"https:\/\/es.beyond-infinity.blog\/index.php?rest_route=\/wp\/v2\/pages\/155","targetHints":{"allow":["GET"]}}],"collection":[{"href":"https:\/\/es.beyond-infinity.blog\/index.php?rest_route=\/wp\/v2\/pages"}],"about":[{"href":"https:\/\/es.beyond-infinity.blog\/index.php?rest_route=\/wp\/v2\/types\/page"}],"author":[{"embeddable":true,"href":"https:\/\/es.beyond-infinity.blog\/index.php?rest_route=\/wp\/v2\/users\/1"}],"replies":[{"embeddable":true,"href":"https:\/\/es.beyond-infinity.blog\/index.php?rest_route=%2Fwp%2Fv2%2Fcomments&post=155"}],"version-history":[{"count":0,"href":"https:\/\/es.beyond-infinity.blog\/index.php?rest_route=\/wp\/v2\/pages\/155\/revisions"}],"wp:attachment":[{"href":"https:\/\/es.beyond-infinity.blog\/index.php?rest_route=%2Fwp%2Fv2%2Fmedia&parent=155"}],"curies":[{"name":"wp","href":"https:\/\/api.w.org\/{rel}","templated":true}]}}